{"id":51,"date":"2024-09-21T19:45:20","date_gmt":"2024-09-21T17:45:20","guid":{"rendered":"https:\/\/laponietravel.com\/?page_id=51"},"modified":"2024-09-22T11:39:24","modified_gmt":"2024-09-22T09:39:24","slug":"chalets-village-du-pere-noel-laponie-finlande-hebergement-2024-2025-2026-chalet-hotel-hotels","status":"publish","type":"page","link":"https:\/\/laponietravel.com\/index.php\/chalets-village-du-pere-noel-laponie-finlande-hebergement-2024-2025-2026-chalet-hotel-hotels\/","title":{"rendered":"Chalets Village du P\u00e8re No\u00ebl Laponie Finlande, h\u00e9bergement chalet ou h\u00f4tel"},"content":{"rendered":"\n<p>Vivez la magie de la Laponie au Village du P\u00e8re No\u00ebl en Laponie Finlande<br>avec le sp\u00e9cialiste Laponie Travel<br>Un d\u00e9paysement total !<br><br>Situ\u00e9e au nord de la scandinavie dans la r\u00e9gion du cercle polaire, la Laponie est l&#8217;une des rares r\u00e9gions du monde o\u00f9 l&#8217;on peut encore d\u00e9couvrir une nature grandiose et pr\u00e9serv\u00e9e,&nbsp;authentique et sauvage, vivre des instants de silence et de paix, tout en pratiquant les multi-activit\u00e9s hivernales.<br><br>Pour le bonheur des enfants et des grands, visitez le Village du P\u00e8re No\u00ebl en Laponie Finlande, vous pourrez rencontrer le p\u00e8re no\u00ebl dans sa maison, visiter le village du p\u00e8re no\u00ebl, la poste, etc&#8230;<\/p>\n\n\n\n<p>Les voyages propos\u00e9s sont organis\u00e9s par les \u00e9quipes de LAPONIE Travel, le tour op\u00e9rateur sp\u00e9cialiste de la Laponie.<br>Nous vous proposons nos h\u00e9bergements au Village du P\u00e8re No\u00ebl Laponie Finlande, h\u00e9bergement en Chalet ou H\u00f4tel au Village du P\u00e8re No\u00ebl en Laponie Finlande.<\/p>\n\n\n\n<blockquote class=\"wp-block-quote is-layout-flow wp-block-quote-is-layout-flow\">\n<p>La Laponie est une destination \u00e0 vivre au moins une fois dans sa vie. Ce territoire au del\u00e0 du cercle polaire arctique saura vous s\u00e9duire si vous aimez la nature et les paysages grandioses. Terres des sami, elle offre de vastes \u00e9tendues de toundra et des paysages enneig\u00e9s infinis. En hiver, une multitude d\u2019activit\u00e9s vous attend : excursions en traineau \u00e0 chiens, safaris en motoneige, randonn\u00e9es en raquette, et bien d\u2019autres encore. C\u2019est un voyage unique qui vous touchera bien plus que vous le pensez.onjour&nbsp;! Je suis Eric, votre sp\u00e9cialiste de la Laponie.<br>Faites nous part de vos demandes et attentes&#8230;<br>Nous vous donnerons toutes les explications sur la Laponie et mettrons tout en oeuvre pour vous cr\u00e9er votre voyage sur mesure !<\/p>\n<\/blockquote>\n\n\n\n<p>La Laponie en hiver :<\/p>\n\n\n\n<blockquote class=\"wp-block-quote is-layout-flow wp-block-quote-is-layout-flow\">\n<p>L\u2019hiver est la saison id\u00e9ale pour explorer ce territoire et ses paysages blancs enneig\u00e9s. Si vous r\u00eavez de faire du traineau \u00e0 chiens et d\u2019autres activit\u00e9s hivernales uniques ou encore de voir les aurores bor\u00e9ales, cette destination est la v\u00f4tre ! Attention, la destination est populaire (de d\u00e9cembre \u00e0 mars) et encore plus \u00e0 No\u00ebl, il faut r\u00e9server son voyage le plus t\u00f4t possible pour b\u00e9n\u00e9ficier des meilleures offres.<\/p>\n<\/blockquote>\n\n\n\n<figure class=\"wp-block-image size-full\"><img loading=\"lazy\" decoding=\"async\" width=\"520\" height=\"361\" src=\"http:\/\/laponietravel.com\/wp-content\/uploads\/2024\/09\/chalets-village-du-pere-noel-laponie-finlande-hebergement-2024-2025-2026-hotels.jpg\" alt=\"Chalets Village du P\u00e8re No\u00ebl Laponie Finlande h\u00e9bergement 2024 2025 2026 chalet h\u00f4tel h\u00f4tels\" class=\"wp-image-62\" srcset=\"https:\/\/laponietravel.com\/wp-content\/uploads\/2024\/09\/chalets-village-du-pere-noel-laponie-finlande-hebergement-2024-2025-2026-hotels.jpg 520w, https:\/\/laponietravel.com\/wp-content\/uploads\/2024\/09\/chalets-village-du-pere-noel-laponie-finlande-hebergement-2024-2025-2026-hotels-300x208.jpg 300w\" sizes=\"auto, (max-width: 520px) 100vw, 520px\" \/><figcaption class=\"wp-element-caption\">chalets Village du P\u00e8re No\u00ebl Laponie Finlande h\u00e9bergement 2024 2025 2026 chalet h\u00f4tel h\u00f4tels<\/figcaption><\/figure>\n\n\n\n<p>Voici quelques suggestions de voyages et s\u00e9jours au Village du P\u00e8re No\u00ebl en Laponie Finlande,  h\u00e9bergement en chalet ou h\u00f4tel<\/p>\n","protected":false},"excerpt":{"rendered":"<p>Vivez la magie de la Laponie au Village du P\u00e8re No\u00ebl en Laponie Finlandeavec le sp\u00e9cialiste Laponie TravelUn d\u00e9paysement total ! Situ\u00e9e au nord de la scandinavie dans la r\u00e9gion du cercle polaire, la Laponie est l&#8217;une des rares r\u00e9gions du monde o\u00f9 l&#8217;on peut encore d\u00e9couvrir une nature grandiose [&hellip;]<\/p>\n","protected":false},"author":1,"featured_media":0,"parent":0,"menu_order":0,"comment_status":"closed","ping_status":"open","template":"","meta":{"footnotes":""},"class_list":["post-51","page","type-page","status-publish","hentry"],"yoast_head":"<!-- This site is optimized with the Yoast SEO plugin v23.2 - https:\/\/yoast.com\/wordpress\/plugins\/seo\/ -->\n<title>Chalets Village du P\u00e8re No\u00ebl Laponie Finlande h\u00e9bergement 2024 2025 2026 chalet h\u00f4tel h\u00f4tels<\/title>\n<meta name=\"description\" content=\"Chalets Village du P\u00e8re No\u00ebl Laponie Finlande h\u00e9bergement 2024 2025 2026 chalet h\u00f4tel h\u00f4tels, voyage s\u00e9jour Laponie Finlande, Chalets Village du P\u00e8re No\u00ebl Laponie Finlande h\u00e9bergement 2024 2025 2026 chalet h\u00f4tel h\u00f4tels, tout compris avec Laponie Travel, le sp\u00e9cialiste des Laponie, L\u2019hiver est la saison id\u00e9ale pour explorer ce territoire et ses paysages blancs enneig\u00e9s, voyages Laponie\" \/>\n<meta name=\"robots\" content=\"index, follow, max-snippet:-1, max-image-preview:large, max-video-preview:-1\" \/>\n<link rel=\"canonical\" href=\"https:\/\/laponietravel.com\/index.php\/chalets-village-du-pere-noel-laponie-finlande-hebergement-2024-2025-2026-chalet-hotel-hotels\/\" \/>\n<meta property=\"og:locale\" content=\"en_US\" \/>\n<meta property=\"og:type\" content=\"article\" \/>\n<meta property=\"og:title\" content=\"Chalets Village du P\u00e8re No\u00ebl Laponie Finlande h\u00e9bergement 2024 2025 2026 chalet h\u00f4tel h\u00f4tels\" \/>\n<meta property=\"og:description\" content=\"Chalets Village du P\u00e8re No\u00ebl Laponie Finlande h\u00e9bergement 2024 2025 2026 chalet h\u00f4tel h\u00f4tels, voyage s\u00e9jour Laponie Finlande, Chalets Village du P\u00e8re No\u00ebl Laponie Finlande h\u00e9bergement 2024 2025 2026 chalet h\u00f4tel h\u00f4tels, tout compris avec Laponie Travel, le sp\u00e9cialiste des Laponie, L\u2019hiver est la saison id\u00e9ale pour explorer ce territoire et ses paysages blancs enneig\u00e9s, voyages Laponie\" \/>\n<meta property=\"og:url\" content=\"https:\/\/laponietravel.com\/index.php\/chalets-village-du-pere-noel-laponie-finlande-hebergement-2024-2025-2026-chalet-hotel-hotels\/\" \/>\n<meta property=\"og:site_name\" content=\"Laponie Travel\" \/>\n<meta property=\"article:modified_time\" content=\"2024-09-22T09:39:24+00:00\" \/>\n<meta property=\"og:image\" content=\"http:\/\/laponietravel.com\/wp-content\/uploads\/2024\/09\/chalets-village-du-pere-noel-laponie-finlande-hebergement-2024-2025-2026-hotels.jpg\" \/>\n<meta name=\"twitter:card\" content=\"summary_large_image\" \/>\n<meta name=\"twitter:label1\" content=\"Est. reading time\" \/>\n\t<meta name=\"twitter:data1\" content=\"2 minutes\" \/>\n<script type=\"application\/ld+json\" class=\"yoast-schema-graph\">{\"@context\":\"https:\/\/schema.org\",\"@graph\":[{\"@type\":\"WebPage\",\"@id\":\"https:\/\/laponietravel.com\/index.php\/chalets-village-du-pere-noel-laponie-finlande-hebergement-2024-2025-2026-chalet-hotel-hotels\/\",\"url\":\"https:\/\/laponietravel.com\/index.php\/chalets-village-du-pere-noel-laponie-finlande-hebergement-2024-2025-2026-chalet-hotel-hotels\/\",\"name\":\"Chalets Village du P\u00e8re No\u00ebl Laponie Finlande h\u00e9bergement 2024 2025 2026 chalet h\u00f4tel h\u00f4tels\",\"isPartOf\":{\"@id\":\"https:\/\/laponietravel.com\/#website\"},\"primaryImageOfPage\":{\"@id\":\"https:\/\/laponietravel.com\/index.php\/chalets-village-du-pere-noel-laponie-finlande-hebergement-2024-2025-2026-chalet-hotel-hotels\/#primaryimage\"},\"image\":{\"@id\":\"https:\/\/laponietravel.com\/index.php\/chalets-village-du-pere-noel-laponie-finlande-hebergement-2024-2025-2026-chalet-hotel-hotels\/#primaryimage\"},\"thumbnailUrl\":\"http:\/\/laponietravel.com\/wp-content\/uploads\/2024\/09\/chalets-village-du-pere-noel-laponie-finlande-hebergement-2024-2025-2026-hotels.jpg\",\"datePublished\":\"2024-09-21T17:45:20+00:00\",\"dateModified\":\"2024-09-22T09:39:24+00:00\",\"description\":\"Chalets Village du P\u00e8re No\u00ebl Laponie Finlande h\u00e9bergement 2024 2025 2026 chalet h\u00f4tel h\u00f4tels, voyage s\u00e9jour Laponie Finlande, Chalets Village du P\u00e8re No\u00ebl Laponie Finlande h\u00e9bergement 2024 2025 2026 chalet h\u00f4tel h\u00f4tels, tout compris avec Laponie Travel, le sp\u00e9cialiste des Laponie, L\u2019hiver est la saison id\u00e9ale pour explorer ce territoire et ses paysages blancs enneig\u00e9s, voyages Laponie\",\"breadcrumb\":{\"@id\":\"https:\/\/laponietravel.com\/index.php\/chalets-village-du-pere-noel-laponie-finlande-hebergement-2024-2025-2026-chalet-hotel-hotels\/#breadcrumb\"},\"inLanguage\":\"en-US\",\"potentialAction\":[{\"@type\":\"ReadAction\",\"target\":[\"https:\/\/laponietravel.com\/index.php\/chalets-village-du-pere-noel-laponie-finlande-hebergement-2024-2025-2026-chalet-hotel-hotels\/\"]}]},{\"@type\":\"ImageObject\",\"inLanguage\":\"en-US\",\"@id\":\"https:\/\/laponietravel.com\/index.php\/chalets-village-du-pere-noel-laponie-finlande-hebergement-2024-2025-2026-chalet-hotel-hotels\/#primaryimage\",\"url\":\"https:\/\/laponietravel.com\/wp-content\/uploads\/2024\/09\/chalets-village-du-pere-noel-laponie-finlande-hebergement-2024-2025-2026-hotels.jpg\",\"contentUrl\":\"https:\/\/laponietravel.com\/wp-content\/uploads\/2024\/09\/chalets-village-du-pere-noel-laponie-finlande-hebergement-2024-2025-2026-hotels.jpg\",\"width\":520,\"height\":361,\"caption\":\"Chalets Village du P\u00e8re No\u00ebl Laponie Finlande h\u00e9bergement 2024 2025 2026 chalet h\u00f4tel h\u00f4tels\"},{\"@type\":\"BreadcrumbList\",\"@id\":\"https:\/\/laponietravel.com\/index.php\/chalets-village-du-pere-noel-laponie-finlande-hebergement-2024-2025-2026-chalet-hotel-hotels\/#breadcrumb\",\"itemListElement\":[{\"@type\":\"ListItem\",\"position\":1,\"name\":\"Accueil\",\"item\":\"https:\/\/laponietravel.com\/\"},{\"@type\":\"ListItem\",\"position\":2,\"name\":\"Chalets Village du P\u00e8re No\u00ebl Laponie Finlande, h\u00e9bergement chalet ou h\u00f4tel\"}]},{\"@type\":\"WebSite\",\"@id\":\"https:\/\/laponietravel.com\/#website\",\"url\":\"https:\/\/laponietravel.com\/\",\"name\":\"Laponie Travel\",\"description\":\"Sp\u00e9cialiste des Voyages en Laponie\",\"potentialAction\":[{\"@type\":\"SearchAction\",\"target\":{\"@type\":\"EntryPoint\",\"urlTemplate\":\"https:\/\/laponietravel.com\/?s={search_term_string}\"},\"query-input\":\"required name=search_term_string\"}],\"inLanguage\":\"en-US\"}]}<\/script>\n<!-- \/ Yoast SEO plugin. -->","yoast_head_json":{"title":"Chalets Village du P\u00e8re No\u00ebl Laponie Finlande h\u00e9bergement 2024 2025 2026 chalet h\u00f4tel h\u00f4tels","description":"Chalets Village du P\u00e8re No\u00ebl Laponie Finlande h\u00e9bergement 2024 2025 2026 chalet h\u00f4tel h\u00f4tels, voyage s\u00e9jour Laponie Finlande, Chalets Village du P\u00e8re No\u00ebl Laponie Finlande h\u00e9bergement 2024 2025 2026 chalet h\u00f4tel h\u00f4tels, tout compris avec Laponie Travel, le sp\u00e9cialiste des Laponie, L\u2019hiver est la saison id\u00e9ale pour explorer ce territoire et ses paysages blancs enneig\u00e9s, voyages Laponie","robots":{"index":"index","follow":"follow","max-snippet":"max-snippet:-1","max-image-preview":"max-image-preview:large","max-video-preview":"max-video-preview:-1"},"canonical":"https:\/\/laponietravel.com\/index.php\/chalets-village-du-pere-noel-laponie-finlande-hebergement-2024-2025-2026-chalet-hotel-hotels\/","og_locale":"en_US","og_type":"article","og_title":"Chalets Village du P\u00e8re No\u00ebl Laponie Finlande h\u00e9bergement 2024 2025 2026 chalet h\u00f4tel h\u00f4tels","og_description":"Chalets Village du P\u00e8re No\u00ebl Laponie Finlande h\u00e9bergement 2024 2025 2026 chalet h\u00f4tel h\u00f4tels, voyage s\u00e9jour Laponie Finlande, Chalets Village du P\u00e8re No\u00ebl Laponie Finlande h\u00e9bergement 2024 2025 2026 chalet h\u00f4tel h\u00f4tels, tout compris avec Laponie Travel, le sp\u00e9cialiste des Laponie, L\u2019hiver est la saison id\u00e9ale pour explorer ce territoire et ses paysages blancs enneig\u00e9s, voyages Laponie","og_url":"https:\/\/laponietravel.com\/index.php\/chalets-village-du-pere-noel-laponie-finlande-hebergement-2024-2025-2026-chalet-hotel-hotels\/","og_site_name":"Laponie Travel","article_modified_time":"2024-09-22T09:39:24+00:00","og_image":[{"url":"http:\/\/laponietravel.com\/wp-content\/uploads\/2024\/09\/chalets-village-du-pere-noel-laponie-finlande-hebergement-2024-2025-2026-hotels.jpg"}],"twitter_card":"summary_large_image","twitter_misc":{"Est. reading time":"2 minutes"},"schema":{"@context":"https:\/\/schema.org","@graph":[{"@type":"WebPage","@id":"https:\/\/laponietravel.com\/index.php\/chalets-village-du-pere-noel-laponie-finlande-hebergement-2024-2025-2026-chalet-hotel-hotels\/","url":"https:\/\/laponietravel.com\/index.php\/chalets-village-du-pere-noel-laponie-finlande-hebergement-2024-2025-2026-chalet-hotel-hotels\/","name":"Chalets Village du P\u00e8re No\u00ebl Laponie Finlande h\u00e9bergement 2024 2025 2026 chalet h\u00f4tel h\u00f4tels","isPartOf":{"@id":"https:\/\/laponietravel.com\/#website"},"primaryImageOfPage":{"@id":"https:\/\/laponietravel.com\/index.php\/chalets-village-du-pere-noel-laponie-finlande-hebergement-2024-2025-2026-chalet-hotel-hotels\/#primaryimage"},"image":{"@id":"https:\/\/laponietravel.com\/index.php\/chalets-village-du-pere-noel-laponie-finlande-hebergement-2024-2025-2026-chalet-hotel-hotels\/#primaryimage"},"thumbnailUrl":"http:\/\/laponietravel.com\/wp-content\/uploads\/2024\/09\/chalets-village-du-pere-noel-laponie-finlande-hebergement-2024-2025-2026-hotels.jpg","datePublished":"2024-09-21T17:45:20+00:00","dateModified":"2024-09-22T09:39:24+00:00","description":"Chalets Village du P\u00e8re No\u00ebl Laponie Finlande h\u00e9bergement 2024 2025 2026 chalet h\u00f4tel h\u00f4tels, voyage s\u00e9jour Laponie Finlande, Chalets Village du P\u00e8re No\u00ebl Laponie Finlande h\u00e9bergement 2024 2025 2026 chalet h\u00f4tel h\u00f4tels, tout compris avec Laponie Travel, le sp\u00e9cialiste des Laponie, L\u2019hiver est la saison id\u00e9ale pour explorer ce territoire et ses paysages blancs enneig\u00e9s, voyages Laponie","breadcrumb":{"@id":"https:\/\/laponietravel.com\/index.php\/chalets-village-du-pere-noel-laponie-finlande-hebergement-2024-2025-2026-chalet-hotel-hotels\/#breadcrumb"},"inLanguage":"en-US","potentialAction":[{"@type":"ReadAction","target":["https:\/\/laponietravel.com\/index.php\/chalets-village-du-pere-noel-laponie-finlande-hebergement-2024-2025-2026-chalet-hotel-hotels\/"]}]},{"@type":"ImageObject","inLanguage":"en-US","@id":"https:\/\/laponietravel.com\/index.php\/chalets-village-du-pere-noel-laponie-finlande-hebergement-2024-2025-2026-chalet-hotel-hotels\/#primaryimage","url":"https:\/\/laponietravel.com\/wp-content\/uploads\/2024\/09\/chalets-village-du-pere-noel-laponie-finlande-hebergement-2024-2025-2026-hotels.jpg","contentUrl":"https:\/\/laponietravel.com\/wp-content\/uploads\/2024\/09\/chalets-village-du-pere-noel-laponie-finlande-hebergement-2024-2025-2026-hotels.jpg","width":520,"height":361,"caption":"Chalets Village du P\u00e8re No\u00ebl Laponie Finlande h\u00e9bergement 2024 2025 2026 chalet h\u00f4tel h\u00f4tels"},{"@type":"BreadcrumbList","@id":"https:\/\/laponietravel.com\/index.php\/chalets-village-du-pere-noel-laponie-finlande-hebergement-2024-2025-2026-chalet-hotel-hotels\/#breadcrumb","itemListElement":[{"@type":"ListItem","position":1,"name":"Accueil","item":"https:\/\/laponietravel.com\/"},{"@type":"ListItem","position":2,"name":"Chalets Village du P\u00e8re No\u00ebl Laponie Finlande, h\u00e9bergement chalet ou h\u00f4tel"}]},{"@type":"WebSite","@id":"https:\/\/laponietravel.com\/#website","url":"https:\/\/laponietravel.com\/","name":"Laponie Travel","description":"Sp\u00e9cialiste des Voyages en Laponie","potentialAction":[{"@type":"SearchAction","target":{"@type":"EntryPoint","urlTemplate":"https:\/\/laponietravel.com\/?s={search_term_string}"},"query-input":"required name=search_term_string"}],"inLanguage":"en-US"}]}},"_links":{"self":[{"href":"https:\/\/laponietravel.com\/index.php\/wp-json\/wp\/v2\/pages\/51","targetHints":{"allow":["GET"]}}],"collection":[{"href":"https:\/\/laponietravel.com\/index.php\/wp-json\/wp\/v2\/pages"}],"about":[{"href":"https:\/\/laponietravel.com\/index.php\/wp-json\/wp\/v2\/types\/page"}],"author":[{"embeddable":true,"href":"https:\/\/laponietravel.com\/index.php\/wp-json\/wp\/v2\/users\/1"}],"replies":[{"embeddable":true,"href":"https:\/\/laponietravel.com\/index.php\/wp-json\/wp\/v2\/comments?post=51"}],"version-history":[{"count":4,"href":"https:\/\/laponietravel.com\/index.php\/wp-json\/wp\/v2\/pages\/51\/revisions"}],"predecessor-version":[{"id":67,"href":"https:\/\/laponietravel.com\/index.php\/wp-json\/wp\/v2\/pages\/51\/revisions\/67"}],"wp:attachment":[{"href":"https:\/\/laponietravel.com\/index.php\/wp-json\/wp\/v2\/media?parent=51"}],"curies":[{"name":"wp","href":"https:\/\/api.w.org\/{rel}","templated":true}]}}